{"id":2013,"date":"2024-01-17T13:49:19","date_gmt":"2024-01-17T13:49:19","guid":{"rendered":"https:\/\/fiberwarehouse.co.za\/optic-fiber\/?post_type=product&#038;p=2013"},"modified":"2024-02-22T13:38:05","modified_gmt":"2024-02-22T13:38:05","slug":"shinewaytech-opm-50-intelligent-optical-power-meter","status":"publish","type":"product","link":"https:\/\/fiberwarehouse.co.za\/optic-fiber\/product\/shinewaytech-opm-50-intelligent-optical-power-meter\/","title":{"rendered":"ShinewayTech OPM-50 Intelligent Optical Power Meter"},"content":{"rendered":"<h3><span lang=\"EN-US\">Features<\/span><\/h3>\n<p align=\"left\"><span lang=\"EN-US\">\u25cfAutomatic wavelength identification<\/span><\/p>\n<p align=\"left\"><span lang=\"EN-US\">\u25cf<\/span><span lang=\"EN-US\">Remote reference value setting<\/span><\/p>\n<p align=\"left\"><span lang=\"EN-US\">\u25cfFTTx applicable<\/span><\/p>\n<p align=\"left\"><span lang=\"EN-US\">\u25cfInternal clock &amp; fiber S\/N editable<\/span><\/p>\n<p align=\"left\"><span lang=\"EN-US\">\u25cfMemory of 1000 test records<\/span><\/p>\n<p align=\"left\"><span lang=\"EN-US\">\u25cf<\/span><span lang=\"EN-US\">Data Transfer to PC via USB<\/span><\/p>\n<p align=\"left\"><span lang=\"EN-US\">\u25cfSB power charging<\/span><\/p>\n<p align=\"left\"><span lang=\"EN-US\">\u25cfNo warm-up, quick start<\/span><\/p>\n<p align=\"left\"><span lang=\"EN-US\">\u25cfBacklight<\/span><\/p>\n<p align=\"left\"><span lang=\"EN-US\">\u25cf70 hours continuous operation<\/span><\/p>\n<p align=\"left\"><span lang=\"EN-US\">\u25cfPocketsize, lightweight and easy-to-use<\/span><\/p>\n<p align=\"left\"><span lang=\"EN-US\">\u25cfCE FCC certificates<\/span><\/p>\n<p><span lang=\"EN-US\">\u00a0<\/span><\/p>\n<h2><span lang=\"EN-US\">Important Functions<\/span><\/h2>\n<h3><span lang=\"EN-US\">Automatic Wavelength Identification<\/span><\/h3>\n<p><span lang=\"EN-US\">Compatible with the digital encryption protocols of SLS-50, OPM-50 can automatically identify the wavelength of the optical signals transmitted from SLS-50 and switch to the corresponding test mode, which greatly reduces the workload at both ends and avoids potential error.<\/span><\/p>\n<p>&nbsp;<\/p>\n<h3><span lang=\"EN-US\">Remote Reference Value Setting<\/span><\/h3>\n<p><span lang=\"EN-US\">OPM-50 can receive the power parameters of digital-encrypted signal transmitted from SLS-50 as reference for precise link loss measurement even when the two units are far apart.<\/span><\/p>\n<p><span lang=\"EN-US\">\u00a0<\/span><\/p>\n<h3><span lang=\"EN-US\">Internal Clock &amp; Fiber S\/N Editable<\/span><\/h3>\n<p><span lang=\"EN-US\">Internal clock enables OPM-50 to save test data with time and editable fiber SN information.<\/span><\/p>\n<p>&nbsp;<\/p>\n<h3><span lang=\"EN-US\">Compatible with FTTx Test<\/span><\/h3>\n<p><span lang=\"EN-US\">OPM-50 can be applied to measure Triple-play signals (1310nm, 1490nm and 1550nm) on Passive Optical Network (PON).<\/span><\/p>\n<p>&nbsp;<\/p>\n<table border=\"1\" width=\"100%\" cellspacing=\"0\" cellpadding=\"0\" align=\"left\">\n<tbody>\n<tr>\n<td rowspan=\"2\" width=\"32%\">\n<p align=\"center\"><span lang=\"EN-US\">Model<\/span><\/p>\n<\/td>\n<td colspan=\"2\" width=\"67%\">\n<p align=\"center\"><span lang=\"EN-US\">OPM-50<\/span><\/p>\n<\/td>\n<\/tr>\n<tr>\n<td width=\"33%\">\n<p align=\"center\"><span lang=\"EN-US\">A<\/span><\/p>\n<\/td>\n<td width=\"33%\">\n<p align=\"center\"><span lang=\"EN-US\">B<\/span><\/p>\n<\/td>\n<\/tr>\n<tr>\n<td width=\"32%\"><span lang=\"EN-US\">Calibrated Wavelength<sup>(1)<\/sup><\/span><\/td>\n<td colspan=\"2\" width=\"67%\">\n<p align=\"center\"><span lang=\"EN-US\">850,1300,1310,1490,1550,1625nm<\/span><\/p>\n<\/td>\n<\/tr>\n<tr>\n<td width=\"32%\"><span lang=\"EN-US\">Power Range (dBm)<\/span><sup><span lang=\"EN-US\">(2)<\/span><\/sup><\/td>\n<td width=\"33%\">\n<p align=\"center\"><span lang=\"EN-US\">-70 ~ +10<\/span><\/p>\n<\/td>\n<td width=\"33%\">\n<p align=\"center\"><span lang=\"EN-US\">-50 ~ +27<\/span><\/p>\n<\/td>\n<\/tr>\n<tr>\n<td width=\"32%\"><span lang=\"EN-US\">Fiber Type<\/span><\/td>\n<td colspan=\"2\" width=\"67%\">\n<p align=\"center\"><span lang=\"EN-US\">Singlemode\/Multimode fibers<\/span><\/p>\n<\/td>\n<\/tr>\n<tr>\n<td width=\"32%\"><span lang=\"EN-US\">Detector Type<\/span><\/td>\n<td colspan=\"2\" width=\"67%\">\n<p align=\"center\"><span lang=\"EN-US\">InGaAs<\/span><\/p>\n<\/td>\n<\/tr>\n<tr>\n<td width=\"32%\"><span lang=\"EN-US\">Accuracy<\/span><\/td>\n<td width=\"33%\">\n<p align=\"center\"><span lang=\"EN-US\">\u00b1 5% \u00b1 0.01nW<\/span><span lang=\"EN-US\">\u00a0(\u00b10.5dB@850nm)<\/span><\/p>\n<\/td>\n<td width=\"33%\">\n<p align=\"center\"><span lang=\"EN-US\">\u00b15% \u00b11nW (\u00b10.5dB@850nm)<\/span><\/p>\n<\/td>\n<\/tr>\n<tr>\n<td width=\"32%\"><span lang=\"EN-US\">Resolution (dB)<\/span><\/td>\n<td colspan=\"2\" width=\"67%\">\n<p align=\"center\"><span lang=\"EN-US\">0.01<\/span><\/p>\n<\/td>\n<\/tr>\n<tr>\n<td width=\"32%\"><span lang=\"EN-US\">MOD Identification<\/span><\/td>\n<td colspan=\"2\" width=\"67%\">\n<p align=\"center\"><span lang=\"EN-US\">270, 1K, 2K Hz<\/span><\/p>\n<\/td>\n<\/tr>\n<tr>\n<td width=\"32%\"><span lang=\"EN-US\">Auto Wavelength Identification<\/span><span lang=\"EN-US\">\u00a0<\/span><\/td>\n<td colspan=\"2\" width=\"67%\">\n<p align=\"center\"><span lang=\"EN-US\">Yes (With SLS-50)<\/span><\/p>\n<\/td>\n<\/tr>\n<tr>\n<td width=\"32%\"><span lang=\"EN-US\">Display Unit<\/span><\/td>\n<td colspan=\"2\" width=\"67%\">\n<p align=\"center\"><span lang=\"EN-US\">W\/mW\/\u00b5W\/nW\/pW\/dBm\/dB(REF)<\/span><\/p>\n<\/td>\n<\/tr>\n<tr>\n<td width=\"32%\"><span lang=\"EN-US\">Data Storage<\/span><\/td>\n<td colspan=\"2\" width=\"67%\">\n<p align=\"center\"><span lang=\"EN-US\">1000 records<\/span><\/p>\n<\/td>\n<\/tr>\n<tr>\n<td width=\"32%\"><span lang=\"EN-US\">Connectivity<\/span><\/td>\n<td colspan=\"2\" width=\"67%\">\n<p align=\"center\"><span lang=\"EN-US\">USB<\/span><\/p>\n<\/td>\n<\/tr>\n<tr>\n<td width=\"32%\"><span lang=\"EN-US\">Connector<sup>(3)<\/sup><\/span><\/td>\n<td colspan=\"2\" width=\"67%\">\n<p align=\"center\"><span lang=\"EN-US\">FC (Interchangeable SC\/ST)<\/span><\/p>\n<\/td>\n<\/tr>\n<tr>\n<td width=\"32%\"><span lang=\"EN-US\">Power Supply<\/span><\/td>\n<td colspan=\"2\" width=\"67%\">\n<p align=\"center\"><span lang=\"EN-US\">Lithium Battery\/ AC Adapter<\/span><\/p>\n<\/td>\n<\/tr>\n<tr>\n<td width=\"32%\"><span lang=\"EN-US\">Battery Life<\/span><\/td>\n<td colspan=\"2\" width=\"67%\">\n<p align=\"center\"><span lang=\"EN-US\">Continuous operation: 70 hours<\/span><\/p>\n<\/td>\n<\/tr>\n<tr>\n<td width=\"32%\"><span lang=\"EN-US\">Power Saving<\/span><\/td>\n<td colspan=\"2\" width=\"67%\">\n<p align=\"center\"><span lang=\"EN-US\">Auto-off after 5 minutes idle<\/span><\/p>\n<\/td>\n<\/tr>\n<tr>\n<td width=\"32%\"><span lang=\"EN-US\">Operating Temperature<\/span><\/td>\n<td colspan=\"2\" valign=\"top\" width=\"67%\">\n<p align=\"center\"><span lang=\"EN-US\">0\u00baC ~ 50\u00baC (32 ~ 122 F)<\/span><\/p>\n<\/td>\n<\/tr>\n<tr>\n<td width=\"32%\"><span lang=\"EN-US\">Storage Temperature<\/span><\/td>\n<td colspan=\"2\" valign=\"top\" width=\"67%\">\n<p align=\"center\"><span lang=\"EN-US\">-20\u00baC ~ 70\u00baC (-4 ~ 158 F )<\/span><\/p>\n<\/td>\n<\/tr>\n<tr>\n<td width=\"32%\"><span lang=\"EN-US\">Relative Humidity<\/span><\/td>\n<td colspan=\"2\" valign=\"top\" width=\"67%\">\n<p align=\"center\"><span lang=\"EN-US\">0 ~ 95% (Non-condensing)<\/span><\/p>\n<\/td>\n<\/tr>\n<tr>\n<td width=\"32%\"><span lang=\"EN-US\">Weight<\/span><\/td>\n<td colspan=\"2\" width=\"67%\">\n<p align=\"center\"><span lang=\"EN-US\">315g<\/span><span lang=\"EN-US\">\u00a0(0.69 lbs)<\/span><\/p>\n<\/td>\n<\/tr>\n<tr>\n<td width=\"32%\"><span lang=\"EN-US\">Dimensions (H \u00d7 W \u00d7 T)<\/span><\/td>\n<td colspan=\"2\" width=\"67%\">\n<p align=\"center\"><span lang=\"EN-US\">177\u00d780\u00d744mm (6.97\u00d73.15\u00d71.73 inch)<\/span><\/p>\n<\/td>\n<\/tr>\n<\/tbody>\n<\/table>\n","protected":false},"excerpt":{"rendered":"<p>OPM-50 Seires paired with SLS-50 Seires Intelligent Stabilized Laser Source can be used to identify fiber, measure attenuation and loss, verify continuity and evaluate fiber link transmission quality.<\/p>\n<p><a href=\"https:\/\/fiberwarehouse.co.za\/optic-fiber\/wp-content\/uploads\/2024\/01\/ac9f07d55e244957a3a9a870eb245d48.pdf\">Download Brochure<\/a><\/p>\n","protected":false},"featured_media":2015,"comment_status":"closed","ping_status":"closed","template":"","meta":{"content-type":""},"product_brand":[],"product_cat":[246,245],"product_tag":[1116,1115,1113,1114,1117],"class_list":{"0":"post-2013","1":"product","2":"type-product","3":"status-publish","4":"has-post-thumbnail","6":"product_cat-power-meters","7":"product_cat-test-equipment","8":"product_tag-opm-50-power-meter","9":"product_tag-shinewaytech-opm-50","10":"product_tag-shinewaytech-opm-50-intelligent-optical-power-meter","11":"product_tag-shinewaytech-opm-50-power-meter","12":"product_tag-shinewaytech-power-meter","14":"first","15":"instock","16":"taxable","17":"shipping-taxable","18":"purchasable","19":"product-type-simple"},"_links":{"self":[{"href":"https:\/\/fiberwarehouse.co.za\/optic-fiber\/wp-json\/wp\/v2\/product\/2013","targetHints":{"allow":["GET"]}}],"collection":[{"href":"https:\/\/fiberwarehouse.co.za\/optic-fiber\/wp-json\/wp\/v2\/product"}],"about":[{"href":"https:\/\/fiberwarehouse.co.za\/optic-fiber\/wp-json\/wp\/v2\/types\/product"}],"replies":[{"embeddable":true,"href":"https:\/\/fiberwarehouse.co.za\/optic-fiber\/wp-json\/wp\/v2\/comments?post=2013"}],"wp:featuredmedia":[{"embeddable":true,"href":"https:\/\/fiberwarehouse.co.za\/optic-fiber\/wp-json\/wp\/v2\/media\/2015"}],"wp:attachment":[{"href":"https:\/\/fiberwarehouse.co.za\/optic-fiber\/wp-json\/wp\/v2\/media?parent=2013"}],"wp:term":[{"taxonomy":"product_brand","embeddable":true,"href":"https:\/\/fiberwarehouse.co.za\/optic-fiber\/wp-json\/wp\/v2\/product_brand?post=2013"},{"taxonomy":"product_cat","embeddable":true,"href":"https:\/\/fiberwarehouse.co.za\/optic-fiber\/wp-json\/wp\/v2\/product_cat?post=2013"},{"taxonomy":"product_tag","embeddable":true,"href":"https:\/\/fiberwarehouse.co.za\/optic-fiber\/wp-json\/wp\/v2\/product_tag?post=2013"}],"curies":[{"name":"wp","href":"https:\/\/api.w.org\/{rel}","templated":true}]}}